{"id":819,"date":"2021-12-21T14:11:12","date_gmt":"2021-12-21T14:11:12","guid":{"rendered":"https:\/\/accattap.com.ar\/?page_id=819"},"modified":"2022-01-04T13:38:20","modified_gmt":"2022-01-04T13:38:20","slug":"noticias","status":"publish","type":"page","link":"https:\/\/accattap.com.ar\/?page_id=819","title":{"rendered":"NOTICIAS"},"content":{"rendered":"\t\t<div data-elementor-type=\"wp-page\" data-elementor-id=\"819\" class=\"elementor elementor-819\">\n\t\t\t\t\t\t<section class=\"elementor-section elementor-top-section elementor-element elementor-element-08fa223 elementor-section-boxed elementor-section-height-default elementor-section-height-default\" data-id=\"08fa223\" data-element_type=\"section\" data-e-type=\"section\">\n\t\t\t\t\t\t<div class=\"elementor-container elementor-column-gap-default\">\n\t\t\t\t\t<div class=\"elementor-column elementor-col-100 elementor-top-column elementor-element elementor-element-bee257c\" data-id=\"bee257c\" data-element_type=\"column\" data-e-type=\"column\">\n\t\t\t<div class=\"elementor-widget-wrap elementor-element-populated\">\n\t\t\t\t\t\t<div class=\"elementor-element elementor-element-1e1f395 elementor-widget elementor-widget-blogmentor_blog_posts\" data-id=\"1e1f395\" data-element_type=\"widget\" data-e-type=\"widget\" data-widget_type=\"blogmentor_blog_posts.default\">\n\t\t\t\t<div class=\"elementor-widget-container\">\n\t\t\t\t\t\t\t\n\t\t\t\t\t<div class=\"upl-main\">\n\t\t<div class=\"upl-container\">\n\t\t\t\t\t\t\t<div class=\"upl-left-section bm_content_box\">\n\t\t\t\t\t\t\t\t<div class=\"bm-post-image clearfix bm-hover-effect bm-hover-effect-blur\">\n\t\t\t\t\t<div class=\"upl-image\" style=\"background-image: url('https:\/\/accattap.com.ar\/wp-content\/uploads\/2022\/08\/WhatsApp-Image-2022-07-29-at-2.51.33-PM-1.jpeg')\"><\/div>\n\t\t\t\t<\/div>\n\t\t\t\t<div class=\"upl-author\"><img decoding=\"async\" src=\"https:\/\/secure.gravatar.com\/avatar\/dba95e3fadd1970ccf22f5510a4eb0cd7b3c7595f877221acc4eb711202c0c4b?s=96&d=mm&r=g\"><\/div>\n\t\t\t\t<div class=\"upl-title bm_title\"><a href=\"https:\/\/accattap.com.ar\/?p=1249\" rel=\"bookmark\">ACCATTAP EN LA EXPOSICION RURAL 2022<\/a><\/div>\t\t\t\t\t<div class=\"upl-excerpt bm_content\"> Visita del ministro de transporte de la provincia de Buenos Aires Jorge D\u00b4onofrio al stand de la ACCATTAP - JULIO 2022 https:\/\/www.youtube.com\/watch?v=UbZokje8r24&#038;t=6sBV4js_Ehttps:\/\/www.youtube.com\/watch?v=s1M0j2Hsb6w&#038;t=120s <\/div>\n\t\t\t\t\t\t\t\t\t<div class=\"upl-cat-date bm_meta\">\n\t\t\t\t\t\tadmin | 08\/15\/2022 \t\t\t\t\t<\/div>\n\t\t\t\t\t\t\t<\/div>\n\t\t\t\n\t\t\t\t\t\t<div class=\"upl-right-section\">\n\t\t\t\t<div class=\"upl-top bm_content_box\">\n\t\t\t\t\t<div class=\"bm-post-image clearfix bm-hover-effect bm-hover-effect-blur\">\n\t\t\t\t\t\t<div class=\"upl-image\" style=\"background-image: url('https:\/\/accattap.com.ar\/wp-content\/uploads\/2021\/12\/ACCATTAP-SIMULADOR-FACUNDO-LOPEZ-SUBSECRETARIO-ANSV.jpg')\"><\/div>\n\t\t\t\t\t<\/div>\n\t\t\t\t\t<div class=\"upl-author\">\n\t\t\t\t\t\t<img decoding=\"async\" src=\"https:\/\/secure.gravatar.com\/avatar\/dba95e3fadd1970ccf22f5510a4eb0cd7b3c7595f877221acc4eb711202c0c4b?s=96&d=mm&r=g\">\n\t\t\t\t\t<\/div>\n\t\t\t\t\t<div class=\"upl-title bm_title\"><a href=\"https:\/\/accattap.com.ar\/?p=808\" rel=\"bookmark\">Tener mejores conductores involucra tener menos siniestros viales.<\/a><\/div>\t\t\t\t\t\t<div class=\"upl-excerpt bm_content\"> El Subdirector Ejecutivo de la Agencia Nacional de la Seguridad Vial (ANSV),&hellip; <\/div>\n\t\t\t\t\t\t\t\t\t\t\t<div class=\"upl-cat-date bm_meta\">\n\t\t\t\t\t\tadmin | 08\/06\/2021 \t\t\t\t\t\t<\/div>\n\t\t\t\t\t\t\t\t\t<\/div>\n\t\t\t\t\t\t<\/div>\n\t\t<\/div>\n\t<\/div>\n\n\t<div class=\"upl-second-section\">\n\t\t\t<\/div>\n\t\t\t<div class=\"bm-pagination pagination_style_1\">\n\t\t\t\t\t\t\t<\/div>\n\t\t\t\t\t\t<\/div>\n\t\t\t\t<\/div>\n\t\t\t\t\t<\/div>\n\t\t<\/div>\n\t\t\t\t\t<\/div>\n\t\t<\/section>\n\t\t\t\t<\/div>\n\t\t","protected":false},"excerpt":{"rendered":"<p>\u201cEs important\u00edsima la capacitaci\u00f3n de conductores, porque en definitiva est\u00e1n transportando a\u2026 \u201cEs important\u00edsima la capacitaci\u00f3n de conductores, porque en definitiva est\u00e1n transportando a ciudadanos el Estado y la parte privada, a trav\u00e9s del sindicato y de las empresas de transporte, est\u00e1n\u2026 admin | 12\/21\/2021 Subdirector de la Agencia Nacional de Seguridad Vial, Lic. Facundo [&hellip;]<\/p>\n","protected":false},"author":1,"featured_media":0,"parent":0,"menu_order":0,"comment_status":"closed","ping_status":"closed","template":"","meta":{"_uag_custom_page_level_css":"","site-sidebar-layout":"no-sidebar","site-content-layout":"page-builder","ast-site-content-layout":"default","site-content-style":"default","site-sidebar-style":"default","ast-global-header-display":"","ast-banner-title-visibility":"","ast-main-header-display":"","ast-hfb-above-header-display":"","ast-hfb-below-header-display":"","ast-hfb-mobile-header-display":"","site-post-title":"disabled","ast-breadcrumbs-content":"","ast-featured-img":"disabled","footer-sml-layout":"","ast-disable-related-posts":"","theme-transparent-header-meta":"","adv-header-id-meta":"","stick-header-meta":"","header-above-stick-meta":"","header-main-stick-meta":"","header-below-stick-meta":"","astra-migrate-meta-layouts":"default","ast-page-background-enabled":"default","ast-page-background-meta":{"desktop":{"background-color":"","background-image":"","background-repeat":"repeat","background-position":"center center","background-size":"auto","background-attachment":"scroll","background-type":"","background-media":"","overlay-type":"","overlay-color":"","overlay-opacity":"","overlay-gradient":""},"tablet":{"background-color":"","background-image":"","background-repeat":"repeat","background-position":"center center","background-size":"auto","background-attachment":"scroll","background-type":"","background-media":"","overlay-type":"","overlay-color":"","overlay-opacity":"","overlay-gradient":""},"mobile":{"background-color":"","background-image":"","background-repeat":"repeat","background-position":"center center","background-size":"auto","background-attachment":"scroll","background-type":"","background-media":"","overlay-type":"","overlay-color":"","overlay-opacity":"","overlay-gradient":""}},"ast-content-background-meta":{"desktop":{"background-color":"var(--ast-global-color-5)","background-image":"","background-repeat":"repeat","background-position":"center center","background-size":"auto","background-attachment":"scroll","background-type":"","background-media":"","overlay-type":"","overlay-color":"","overlay-opacity":"","overlay-gradient":""},"tablet":{"background-color":"var(--ast-global-color-5)","background-image":"","background-repeat":"repeat","background-position":"center center","background-size":"auto","background-attachment":"scroll","background-type":"","background-media":"","overlay-type":"","overlay-color":"","overlay-opacity":"","overlay-gradient":""},"mobile":{"background-color":"var(--ast-global-color-5)","background-image":"","background-repeat":"repeat","background-position":"center center","background-size":"auto","background-attachment":"scroll","background-type":"","background-media":"","overlay-type":"","overlay-color":"","overlay-opacity":"","overlay-gradient":""}},"ngg_post_thumbnail":0,"footnotes":""},"class_list":["post-819","page","type-page","status-publish","hentry"],"yoast_head":"<!-- This site is optimized with the Yoast SEO plugin v27.5 - https:\/\/yoast.com\/product\/yoast-seo-wordpress\/ -->\n<title>NOTICIAS -<\/title>\n<meta name=\"description\" content=\"Ultimas NOTICIAS de la ASOCIACI\u00d3N CIVIL PARA LA CAPACITACI\u00d3N DE TRABAJADORES DEL TRANSPORTE AUTOMOTOR DE PASAJEROS ( ACCATTAP )\" \/>\n<meta name=\"robots\" content=\"index, follow, max-snippet:-1, max-image-preview:large, max-video-preview:-1\" \/>\n<link rel=\"canonical\" href=\"https:\/\/accattap.com.ar\/?page_id=819\" \/>\n<meta property=\"og:locale\" content=\"es_ES\" \/>\n<meta property=\"og:type\" content=\"article\" \/>\n<meta property=\"og:title\" content=\"NOTICIAS -\" \/>\n<meta property=\"og:description\" content=\"Ultimas NOTICIAS de la ASOCIACI\u00d3N CIVIL PARA LA CAPACITACI\u00d3N DE TRABAJADORES DEL TRANSPORTE AUTOMOTOR DE PASAJEROS ( ACCATTAP )\" \/>\n<meta property=\"og:url\" content=\"https:\/\/accattap.com.ar\/?page_id=819\" \/>\n<meta property=\"article:modified_time\" content=\"2022-01-04T13:38:20+00:00\" \/>\n<meta property=\"og:image\" content=\"https:\/\/secure.gravatar.com\/avatar\/217208dee572402deeb8b1cc4300d178?s=96&amp;d=mm&amp;r=g\" \/>\n<meta name=\"twitter:card\" content=\"summary_large_image\" \/>\n<meta name=\"twitter:label1\" content=\"Tiempo de lectura\" \/>\n\t<meta name=\"twitter:data1\" content=\"2 minutos\" \/>\n<script type=\"application\/ld+json\" class=\"yoast-schema-graph\">{\"@context\":\"https:\\\/\\\/schema.org\",\"@graph\":[{\"@type\":\"WebPage\",\"@id\":\"https:\\\/\\\/accattap.com.ar\\\/?page_id=819\",\"url\":\"https:\\\/\\\/accattap.com.ar\\\/?page_id=819\",\"name\":\"NOTICIAS -\",\"isPartOf\":{\"@id\":\"https:\\\/\\\/accattap.com.ar\\\/#website\"},\"primaryImageOfPage\":{\"@id\":\"https:\\\/\\\/accattap.com.ar\\\/?page_id=819#primaryimage\"},\"image\":{\"@id\":\"https:\\\/\\\/accattap.com.ar\\\/?page_id=819#primaryimage\"},\"thumbnailUrl\":\"https:\\\/\\\/secure.gravatar.com\\\/avatar\\\/217208dee572402deeb8b1cc4300d178?s=96&amp;d=mm&amp;r=g\",\"datePublished\":\"2021-12-21T14:11:12+00:00\",\"dateModified\":\"2022-01-04T13:38:20+00:00\",\"description\":\"Ultimas NOTICIAS de la ASOCIACI\u00d3N CIVIL PARA LA CAPACITACI\u00d3N DE TRABAJADORES DEL TRANSPORTE AUTOMOTOR DE PASAJEROS ( ACCATTAP )\",\"breadcrumb\":{\"@id\":\"https:\\\/\\\/accattap.com.ar\\\/?page_id=819#breadcrumb\"},\"inLanguage\":\"es-AR\",\"potentialAction\":[{\"@type\":\"ReadAction\",\"target\":[\"https:\\\/\\\/accattap.com.ar\\\/?page_id=819\"]}]},{\"@type\":\"ImageObject\",\"inLanguage\":\"es-AR\",\"@id\":\"https:\\\/\\\/accattap.com.ar\\\/?page_id=819#primaryimage\",\"url\":\"https:\\\/\\\/secure.gravatar.com\\\/avatar\\\/217208dee572402deeb8b1cc4300d178?s=96&amp;d=mm&amp;r=g\",\"contentUrl\":\"https:\\\/\\\/secure.gravatar.com\\\/avatar\\\/217208dee572402deeb8b1cc4300d178?s=96&amp;d=mm&amp;r=g\"},{\"@type\":\"BreadcrumbList\",\"@id\":\"https:\\\/\\\/accattap.com.ar\\\/?page_id=819#breadcrumb\",\"itemListElement\":[{\"@type\":\"ListItem\",\"position\":1,\"name\":\"Inicio\",\"item\":\"https:\\\/\\\/accattap.com.ar\\\/\"},{\"@type\":\"ListItem\",\"position\":2,\"name\":\"NOTICIAS\"}]},{\"@type\":\"WebSite\",\"@id\":\"https:\\\/\\\/accattap.com.ar\\\/#website\",\"url\":\"https:\\\/\\\/accattap.com.ar\\\/\",\"name\":\"\",\"description\":\"Quienes formamos ACCATTAP creemos en la capacitaci\u00f3n y desarrollo humano de los trabajadores, dado que ello determina el progreso social. Y en definitiva , creer en el progreso social es pensar que ma\u00f1ana sera mejor que hoy, por lo que importa comprometerse y apostar a ese futuro y no solo contribuir a mejorarlo , sino tambi\u00e9n ser art\u00edfices en su construcci\u00f3n.\",\"publisher\":{\"@id\":\"https:\\\/\\\/accattap.com.ar\\\/#organization\"},\"potentialAction\":[{\"@type\":\"SearchAction\",\"target\":{\"@type\":\"EntryPoint\",\"urlTemplate\":\"https:\\\/\\\/accattap.com.ar\\\/?s={search_term_string}\"},\"query-input\":{\"@type\":\"PropertyValueSpecification\",\"valueRequired\":true,\"valueName\":\"search_term_string\"}}],\"inLanguage\":\"es-AR\"},{\"@type\":\"Organization\",\"@id\":\"https:\\\/\\\/accattap.com.ar\\\/#organization\",\"name\":\"ACCATTAP\",\"url\":\"https:\\\/\\\/accattap.com.ar\\\/\",\"logo\":{\"@type\":\"ImageObject\",\"inLanguage\":\"es-AR\",\"@id\":\"https:\\\/\\\/accattap.com.ar\\\/#\\\/schema\\\/logo\\\/image\\\/\",\"url\":\"https:\\\/\\\/i0.wp.com\\\/accattap.com.ar\\\/wp-content\\\/uploads\\\/2021\\\/09\\\/cropped-cropped-logo-solo-2.png?fit=540%2C517&ssl=1\",\"contentUrl\":\"https:\\\/\\\/i0.wp.com\\\/accattap.com.ar\\\/wp-content\\\/uploads\\\/2021\\\/09\\\/cropped-cropped-logo-solo-2.png?fit=540%2C517&ssl=1\",\"width\":540,\"height\":517,\"caption\":\"ACCATTAP\"},\"image\":{\"@id\":\"https:\\\/\\\/accattap.com.ar\\\/#\\\/schema\\\/logo\\\/image\\\/\"}}]}<\/script>\n<!-- \/ Yoast SEO plugin. -->","yoast_head_json":{"title":"NOTICIAS -","description":"Ultimas NOTICIAS de la ASOCIACI\u00d3N CIVIL PARA LA CAPACITACI\u00d3N DE TRABAJADORES DEL TRANSPORTE AUTOMOTOR DE PASAJEROS ( ACCATTAP )","robots":{"index":"index","follow":"follow","max-snippet":"max-snippet:-1","max-image-preview":"max-image-preview:large","max-video-preview":"max-video-preview:-1"},"canonical":"https:\/\/accattap.com.ar\/?page_id=819","og_locale":"es_ES","og_type":"article","og_title":"NOTICIAS -","og_description":"Ultimas NOTICIAS de la ASOCIACI\u00d3N CIVIL PARA LA CAPACITACI\u00d3N DE TRABAJADORES DEL TRANSPORTE AUTOMOTOR DE PASAJEROS ( ACCATTAP )","og_url":"https:\/\/accattap.com.ar\/?page_id=819","article_modified_time":"2022-01-04T13:38:20+00:00","og_image":[{"url":"https:\/\/secure.gravatar.com\/avatar\/217208dee572402deeb8b1cc4300d178?s=96&amp;d=mm&amp;r=g","type":"","width":"","height":""}],"twitter_card":"summary_large_image","twitter_misc":{"Tiempo de lectura":"2 minutos"},"schema":{"@context":"https:\/\/schema.org","@graph":[{"@type":"WebPage","@id":"https:\/\/accattap.com.ar\/?page_id=819","url":"https:\/\/accattap.com.ar\/?page_id=819","name":"NOTICIAS -","isPartOf":{"@id":"https:\/\/accattap.com.ar\/#website"},"primaryImageOfPage":{"@id":"https:\/\/accattap.com.ar\/?page_id=819#primaryimage"},"image":{"@id":"https:\/\/accattap.com.ar\/?page_id=819#primaryimage"},"thumbnailUrl":"https:\/\/secure.gravatar.com\/avatar\/217208dee572402deeb8b1cc4300d178?s=96&amp;d=mm&amp;r=g","datePublished":"2021-12-21T14:11:12+00:00","dateModified":"2022-01-04T13:38:20+00:00","description":"Ultimas NOTICIAS de la ASOCIACI\u00d3N CIVIL PARA LA CAPACITACI\u00d3N DE TRABAJADORES DEL TRANSPORTE AUTOMOTOR DE PASAJEROS ( ACCATTAP )","breadcrumb":{"@id":"https:\/\/accattap.com.ar\/?page_id=819#breadcrumb"},"inLanguage":"es-AR","potentialAction":[{"@type":"ReadAction","target":["https:\/\/accattap.com.ar\/?page_id=819"]}]},{"@type":"ImageObject","inLanguage":"es-AR","@id":"https:\/\/accattap.com.ar\/?page_id=819#primaryimage","url":"https:\/\/secure.gravatar.com\/avatar\/217208dee572402deeb8b1cc4300d178?s=96&amp;d=mm&amp;r=g","contentUrl":"https:\/\/secure.gravatar.com\/avatar\/217208dee572402deeb8b1cc4300d178?s=96&amp;d=mm&amp;r=g"},{"@type":"BreadcrumbList","@id":"https:\/\/accattap.com.ar\/?page_id=819#breadcrumb","itemListElement":[{"@type":"ListItem","position":1,"name":"Inicio","item":"https:\/\/accattap.com.ar\/"},{"@type":"ListItem","position":2,"name":"NOTICIAS"}]},{"@type":"WebSite","@id":"https:\/\/accattap.com.ar\/#website","url":"https:\/\/accattap.com.ar\/","name":"","description":"Quienes formamos ACCATTAP creemos en la capacitaci\u00f3n y desarrollo humano de los trabajadores, dado que ello determina el progreso social. Y en definitiva , creer en el progreso social es pensar que ma\u00f1ana sera mejor que hoy, por lo que importa comprometerse y apostar a ese futuro y no solo contribuir a mejorarlo , sino tambi\u00e9n ser art\u00edfices en su construcci\u00f3n.","publisher":{"@id":"https:\/\/accattap.com.ar\/#organization"},"potentialAction":[{"@type":"SearchAction","target":{"@type":"EntryPoint","urlTemplate":"https:\/\/accattap.com.ar\/?s={search_term_string}"},"query-input":{"@type":"PropertyValueSpecification","valueRequired":true,"valueName":"search_term_string"}}],"inLanguage":"es-AR"},{"@type":"Organization","@id":"https:\/\/accattap.com.ar\/#organization","name":"ACCATTAP","url":"https:\/\/accattap.com.ar\/","logo":{"@type":"ImageObject","inLanguage":"es-AR","@id":"https:\/\/accattap.com.ar\/#\/schema\/logo\/image\/","url":"https:\/\/i0.wp.com\/accattap.com.ar\/wp-content\/uploads\/2021\/09\/cropped-cropped-logo-solo-2.png?fit=540%2C517&ssl=1","contentUrl":"https:\/\/i0.wp.com\/accattap.com.ar\/wp-content\/uploads\/2021\/09\/cropped-cropped-logo-solo-2.png?fit=540%2C517&ssl=1","width":540,"height":517,"caption":"ACCATTAP"},"image":{"@id":"https:\/\/accattap.com.ar\/#\/schema\/logo\/image\/"}}]}},"uagb_featured_image_src":{"full":false,"thumbnail":false,"medium":false,"medium_large":false,"large":false,"1536x1536":false,"2048x2048":false,"bm-post-thumb":false,"bm-post-medium":false,"portfolio-full":false,"portfolio-one":false,"portfolio-two":false,"portfolio-three":false,"portfolio-five":false},"uagb_author_info":{"display_name":"admin","author_link":"https:\/\/accattap.com.ar\/?author=1"},"uagb_comment_info":0,"uagb_excerpt":"\u201cEs important\u00edsima la capacitaci\u00f3n de conductores, porque en definitiva est\u00e1n transportando a\u2026 \u201cEs important\u00edsima la capacitaci\u00f3n de conductores, porque en definitiva est\u00e1n transportando a ciudadanos el Estado y la parte privada, a trav\u00e9s del sindicato y de las empresas de transporte, est\u00e1n\u2026 admin | 12\/21\/2021 Subdirector de la Agencia Nacional de Seguridad Vial, Lic. Facundo&hellip;","_links":{"self":[{"href":"https:\/\/accattap.com.ar\/index.php?rest_route=\/wp\/v2\/pages\/819","targetHints":{"allow":["GET"]}}],"collection":[{"href":"https:\/\/accattap.com.ar\/index.php?rest_route=\/wp\/v2\/pages"}],"about":[{"href":"https:\/\/accattap.com.ar\/index.php?rest_route=\/wp\/v2\/types\/page"}],"author":[{"embeddable":true,"href":"https:\/\/accattap.com.ar\/index.php?rest_route=\/wp\/v2\/users\/1"}],"replies":[{"embeddable":true,"href":"https:\/\/accattap.com.ar\/index.php?rest_route=%2Fwp%2Fv2%2Fcomments&post=819"}],"version-history":[{"count":5,"href":"https:\/\/accattap.com.ar\/index.php?rest_route=\/wp\/v2\/pages\/819\/revisions"}],"predecessor-version":[{"id":824,"href":"https:\/\/accattap.com.ar\/index.php?rest_route=\/wp\/v2\/pages\/819\/revisions\/824"}],"wp:attachment":[{"href":"https:\/\/accattap.com.ar\/index.php?rest_route=%2Fwp%2Fv2%2Fmedia&parent=819"}],"curies":[{"name":"wp","href":"https:\/\/api.w.org\/{rel}","templated":true}]}}