{"id":817,"date":"2022-01-21T12:48:04","date_gmt":"2022-01-21T12:48:04","guid":{"rendered":"https:\/\/accattap.com.ar\/?page_id=817"},"modified":"2025-06-19T12:53:54","modified_gmt":"2025-06-19T12:53:54","slug":"simuladores","status":"publish","type":"page","link":"https:\/\/accattap.com.ar\/?page_id=817","title":{"rendered":"Simuladores"},"content":{"rendered":"\t\t<div data-elementor-type=\"wp-page\" data-elementor-id=\"817\" class=\"elementor elementor-817\">\n\t\t\t\t\t\t<section class=\"elementor-section elementor-top-section elementor-element elementor-element-8281cc2 elementor-section-boxed elementor-section-height-default elementor-section-height-default\" data-id=\"8281cc2\" data-element_type=\"section\" data-e-type=\"section\" data-settings=\"{&quot;background_background&quot;:&quot;slideshow&quot;,&quot;background_slideshow_gallery&quot;:[{&quot;id&quot;:1581,&quot;url&quot;:&quot;https:\\\/\\\/accattap.com.ar\\\/wp-content\\\/uploads\\\/2025\\\/06\\\/20250613_094019-scaled.jpg&quot;}],&quot;background_slideshow_loop&quot;:&quot;yes&quot;,&quot;background_slideshow_slide_duration&quot;:5000,&quot;background_slideshow_slide_transition&quot;:&quot;fade&quot;,&quot;background_slideshow_transition_duration&quot;:500}\">\n\t\t\t\t\t\t\t<div class=\"elementor-background-overlay\"><\/div>\n\t\t\t\t\t\t\t<div class=\"elementor-container elementor-column-gap-default\">\n\t\t\t\t\t<div class=\"elementor-column elementor-col-100 elementor-top-column elementor-element elementor-element-c8492b4\" data-id=\"c8492b4\" data-element_type=\"column\" data-e-type=\"column\">\n\t\t\t<div class=\"elementor-widget-wrap elementor-element-populated\">\n\t\t\t\t\t\t\t<\/div>\n\t\t<\/div>\n\t\t\t\t\t<\/div>\n\t\t<\/section>\n\t\t\t\t<section class=\"elementor-section elementor-top-section elementor-element elementor-element-8a118fb elementor-section-boxed elementor-section-height-default elementor-section-height-default\" data-id=\"8a118fb\" data-element_type=\"section\" data-e-type=\"section\">\n\t\t\t\t\t\t<div class=\"elementor-container elementor-column-gap-default\">\n\t\t\t\t\t<div class=\"elementor-column elementor-col-100 elementor-top-column elementor-element elementor-element-b2e3308\" data-id=\"b2e3308\" data-element_type=\"column\" data-e-type=\"column\">\n\t\t\t<div class=\"elementor-widget-wrap elementor-element-populated\">\n\t\t\t\t\t\t<div class=\"elementor-element elementor-element-1bc41e4 elementor-widget__width-initial elementor-widget elementor-widget-text-editor\" data-id=\"1bc41e4\" data-element_type=\"widget\" data-e-type=\"widget\" data-widget_type=\"text-editor.default\">\n\t\t\t\t<div class=\"elementor-widget-container\">\n\t\t\t\t\t\t\t\t\t<ul><li><h4>Nuestros simuladores est\u00e1n desarrollados para la formaci\u00f3n dentro del proceso de aprendizaje de la conducci\u00f3n de las unidades de colectivos.<\/h4><\/li><\/ul>\t\t\t\t\t\t\t\t<\/div>\n\t\t\t\t<\/div>\n\t\t\t\t<section class=\"elementor-section elementor-inner-section elementor-element elementor-element-0541e6e elementor-section-full_width elementor-section-height-default elementor-section-height-default\" data-id=\"0541e6e\" data-element_type=\"section\" data-e-type=\"section\">\n\t\t\t\t\t\t<div class=\"elementor-container elementor-column-gap-default\">\n\t\t\t\t\t<div class=\"elementor-column elementor-col-100 elementor-inner-column elementor-element elementor-element-0946f56\" data-id=\"0946f56\" data-element_type=\"column\" data-e-type=\"column\">\n\t\t\t<div class=\"elementor-widget-wrap elementor-element-populated\">\n\t\t\t\t\t\t<div class=\"elementor-element elementor-element-2810338 elementor-widget elementor-widget-image\" data-id=\"2810338\" data-element_type=\"widget\" data-e-type=\"widget\" data-widget_type=\"image.default\">\n\t\t\t\t<div class=\"elementor-widget-container\">\n\t\t\t\t\t\t\t\t\t\t\t\t\t\t\t<img fetchpriority=\"high\" decoding=\"async\" width=\"1024\" height=\"462\" src=\"https:\/\/accattap.com.ar\/wp-content\/uploads\/2025\/06\/20250613_100047-1024x462.jpg\" class=\"attachment-large size-large wp-image-1583\" alt=\"\" srcset=\"https:\/\/accattap.com.ar\/wp-content\/uploads\/2025\/06\/20250613_100047-1024x462.jpg 1024w, https:\/\/accattap.com.ar\/wp-content\/uploads\/2025\/06\/20250613_100047-300x135.jpg 300w, https:\/\/accattap.com.ar\/wp-content\/uploads\/2025\/06\/20250613_100047-768x346.jpg 768w, https:\/\/accattap.com.ar\/wp-content\/uploads\/2025\/06\/20250613_100047-1536x692.jpg 1536w, https:\/\/accattap.com.ar\/wp-content\/uploads\/2025\/06\/20250613_100047-2048x923.jpg 2048w\" sizes=\"(max-width: 1024px) 100vw, 1024px\" \/>\t\t\t\t\t\t\t\t\t\t\t\t\t\t\t<\/div>\n\t\t\t\t<\/div>\n\t\t\t\t<div class=\"elementor-element elementor-element-d2c801f elementor-widget__width-initial elementor-widget elementor-widget-text-editor\" data-id=\"d2c801f\" data-element_type=\"widget\" data-e-type=\"widget\" data-widget_type=\"text-editor.default\">\n\t\t\t\t<div class=\"elementor-widget-container\">\n\t\t\t\t\t\t\t\t\t<ul><li><h4>Gracias al simulador, resulta m\u00e1s sencillo medir la capacitaci\u00f3n de un conductor, ya que durante y despu\u00e9s de la sesi\u00f3n, tenemos informaci\u00f3n suficiente que puede ser evaluada para corregir situaciones riesgosas.<\/h4><\/li><\/ul>\t\t\t\t\t\t\t\t<\/div>\n\t\t\t\t<\/div>\n\t\t\t\t<div class=\"elementor-element elementor-element-e26a5a6 elementor-widget elementor-widget-image\" data-id=\"e26a5a6\" data-element_type=\"widget\" data-e-type=\"widget\" data-widget_type=\"image.default\">\n\t\t\t\t<div class=\"elementor-widget-container\">\n\t\t\t\t\t\t\t\t\t\t\t\t\t\t\t<img decoding=\"async\" width=\"1024\" height=\"462\" src=\"https:\/\/accattap.com.ar\/wp-content\/uploads\/2025\/06\/20250613_095928-1024x462.jpg\" class=\"attachment-large size-large wp-image-1584\" alt=\"\" srcset=\"https:\/\/accattap.com.ar\/wp-content\/uploads\/2025\/06\/20250613_095928-1024x462.jpg 1024w, https:\/\/accattap.com.ar\/wp-content\/uploads\/2025\/06\/20250613_095928-300x135.jpg 300w, https:\/\/accattap.com.ar\/wp-content\/uploads\/2025\/06\/20250613_095928-768x346.jpg 768w, https:\/\/accattap.com.ar\/wp-content\/uploads\/2025\/06\/20250613_095928-1536x692.jpg 1536w, https:\/\/accattap.com.ar\/wp-content\/uploads\/2025\/06\/20250613_095928-2048x923.jpg 2048w\" sizes=\"(max-width: 1024px) 100vw, 1024px\" \/>\t\t\t\t\t\t\t\t\t\t\t\t\t\t\t<\/div>\n\t\t\t\t<\/div>\n\t\t\t\t<div class=\"elementor-element elementor-element-5b2d097 elementor-widget__width-initial elementor-widget elementor-widget-text-editor\" data-id=\"5b2d097\" data-element_type=\"widget\" data-e-type=\"widget\" data-widget_type=\"text-editor.default\">\n\t\t\t\t<div class=\"elementor-widget-container\">\n\t\t\t\t\t\t\t\t\t<ul><li><h4><span style=\"font-size: 14px;\">Se han podido identificar los riesgos y las circunstancias a los que normalmente se enfrentan conductores y profesionales de la conducci\u00f3n.<\/span><\/h4><\/li><\/ul>\t\t\t\t\t\t\t\t<\/div>\n\t\t\t\t<\/div>\n\t\t\t\t<div class=\"elementor-element elementor-element-858f1f9 elementor-widget elementor-widget-image\" data-id=\"858f1f9\" data-element_type=\"widget\" data-e-type=\"widget\" data-widget_type=\"image.default\">\n\t\t\t\t<div class=\"elementor-widget-container\">\n\t\t\t\t\t\t\t\t\t\t\t\t\t\t\t<img decoding=\"async\" width=\"1024\" height=\"462\" src=\"https:\/\/accattap.com.ar\/wp-content\/uploads\/2025\/06\/20250613_095611-1024x462.jpg\" class=\"attachment-large size-large wp-image-1582\" alt=\"\" srcset=\"https:\/\/accattap.com.ar\/wp-content\/uploads\/2025\/06\/20250613_095611-1024x462.jpg 1024w, https:\/\/accattap.com.ar\/wp-content\/uploads\/2025\/06\/20250613_095611-300x135.jpg 300w, https:\/\/accattap.com.ar\/wp-content\/uploads\/2025\/06\/20250613_095611-768x346.jpg 768w, https:\/\/accattap.com.ar\/wp-content\/uploads\/2025\/06\/20250613_095611-1536x692.jpg 1536w, https:\/\/accattap.com.ar\/wp-content\/uploads\/2025\/06\/20250613_095611-2048x923.jpg 2048w\" sizes=\"(max-width: 1024px) 100vw, 1024px\" \/>\t\t\t\t\t\t\t\t\t\t\t\t\t\t\t<\/div>\n\t\t\t\t<\/div>\n\t\t\t\t<div class=\"elementor-element elementor-element-7bf9fbb elementor-widget__width-initial elementor-widget elementor-widget-text-editor\" data-id=\"7bf9fbb\" data-element_type=\"widget\" data-e-type=\"widget\" data-widget_type=\"text-editor.default\">\n\t\t\t\t<div class=\"elementor-widget-container\">\n\t\t\t\t\t\t\t\t\t<ul><li><h4>Se desarrolla un probable entorno y situaciones cercanas a la realidad lo cual genera un aprendizaje mediante la concientizaci\u00f3n, prevenci\u00f3n y seguridad.<\/h4><\/li><\/ul>\t\t\t\t\t\t\t\t<\/div>\n\t\t\t\t<\/div>\n\t\t\t\t<div class=\"elementor-element elementor-element-25b00b8 elementor-widget elementor-widget-image\" data-id=\"25b00b8\" data-element_type=\"widget\" data-e-type=\"widget\" data-widget_type=\"image.default\">\n\t\t\t\t<div class=\"elementor-widget-container\">\n\t\t\t\t\t\t\t\t\t\t\t\t\t\t\t<img loading=\"lazy\" decoding=\"async\" width=\"768\" height=\"346\" src=\"https:\/\/accattap.com.ar\/wp-content\/uploads\/2025\/06\/20250613_095940-768x346.jpg\" class=\"attachment-medium_large size-medium_large wp-image-1585\" alt=\"\" srcset=\"https:\/\/accattap.com.ar\/wp-content\/uploads\/2025\/06\/20250613_095940-768x346.jpg 768w, https:\/\/accattap.com.ar\/wp-content\/uploads\/2025\/06\/20250613_095940-300x135.jpg 300w, https:\/\/accattap.com.ar\/wp-content\/uploads\/2025\/06\/20250613_095940-1024x462.jpg 1024w, https:\/\/accattap.com.ar\/wp-content\/uploads\/2025\/06\/20250613_095940-1536x692.jpg 1536w, https:\/\/accattap.com.ar\/wp-content\/uploads\/2025\/06\/20250613_095940-2048x923.jpg 2048w\" sizes=\"(max-width: 768px) 100vw, 768px\" \/>\t\t\t\t\t\t\t\t\t\t\t\t\t\t\t<\/div>\n\t\t\t\t<\/div>\n\t\t\t\t<div class=\"elementor-element elementor-element-c15a43d elementor-widget__width-initial elementor-widget elementor-widget-text-editor\" data-id=\"c15a43d\" data-element_type=\"widget\" data-e-type=\"widget\" data-widget_type=\"text-editor.default\">\n\t\t\t\t<div class=\"elementor-widget-container\">\n\t\t\t\t\t\t\t\t\t<ul><li><h4>Gracias al simulador, resulta m\u00e1s sencillo medir la capacitaci\u00f3n de un conductor, ya que durante y despu\u00e9s de la sesi\u00f3n, tenemos informaci\u00f3n suficiente que puede ser evaluada para corregir situaciones riesgosas.<\/h4><\/li><\/ul>\t\t\t\t\t\t\t\t<\/div>\n\t\t\t\t<\/div>\n\t\t\t\t\t<\/div>\n\t\t<\/div>\n\t\t\t\t\t<\/div>\n\t\t<\/section>\n\t\t\t\t<div class=\"elementor-element elementor-element-26050df elementor-widget elementor-widget-image\" data-id=\"26050df\" data-element_type=\"widget\" data-e-type=\"widget\" data-widget_type=\"image.default\">\n\t\t\t\t<div class=\"elementor-widget-container\">\n\t\t\t\t\t\t\t\t\t\t\t\t\t\t\t<img loading=\"lazy\" decoding=\"async\" width=\"1024\" height=\"462\" src=\"https:\/\/accattap.com.ar\/wp-content\/uploads\/2025\/06\/20250613_100027-1024x462.jpg\" class=\"attachment-large size-large wp-image-1593\" alt=\"\" srcset=\"https:\/\/accattap.com.ar\/wp-content\/uploads\/2025\/06\/20250613_100027-1024x462.jpg 1024w, https:\/\/accattap.com.ar\/wp-content\/uploads\/2025\/06\/20250613_100027-300x135.jpg 300w, https:\/\/accattap.com.ar\/wp-content\/uploads\/2025\/06\/20250613_100027-768x346.jpg 768w, https:\/\/accattap.com.ar\/wp-content\/uploads\/2025\/06\/20250613_100027-1536x692.jpg 1536w, https:\/\/accattap.com.ar\/wp-content\/uploads\/2025\/06\/20250613_100027-2048x923.jpg 2048w\" sizes=\"(max-width: 1024px) 100vw, 1024px\" \/>\t\t\t\t\t\t\t\t\t\t\t\t\t\t\t<\/div>\n\t\t\t\t<\/div>\n\t\t\t\t<div class=\"elementor-element elementor-element-8ee0f5e elementor-widget elementor-widget-video\" data-id=\"8ee0f5e\" data-element_type=\"widget\" data-e-type=\"widget\" data-settings=\"{&quot;youtube_url&quot;:&quot;https:\\\/\\\/www.youtube.com\\\/watch?v=h6Sr54R4M3A&quot;,&quot;video_type&quot;:&quot;youtube&quot;,&quot;controls&quot;:&quot;yes&quot;}\" data-widget_type=\"video.default\">\n\t\t\t\t<div class=\"elementor-widget-container\">\n\t\t\t\t\t\t\t<div class=\"elementor-wrapper elementor-open-inline\">\n\t\t\t<div class=\"elementor-video\"><\/div>\t\t<\/div>\n\t\t\t\t\t\t<\/div>\n\t\t\t\t<\/div>\n\t\t\t\t\t<\/div>\n\t\t<\/div>\n\t\t\t\t\t<\/div>\n\t\t<\/section>\n\t\t\t\t<\/div>\n\t\t","protected":false},"excerpt":{"rendered":"<p>Nuestros simuladores est\u00e1n desarrollados para la formaci\u00f3n dentro del proceso de aprendizaje de la conducci\u00f3n de las unidades de colectivos. Gracias al simulador, resulta m\u00e1s sencillo medir la capacitaci\u00f3n de un conductor, ya que durante y despu\u00e9s de la sesi\u00f3n, tenemos informaci\u00f3n suficiente que puede ser evaluada para corregir situaciones riesgosas. Se han podido identificar [&hellip;]<\/p>\n","protected":false},"author":1,"featured_media":0,"parent":0,"menu_order":0,"comment_status":"closed","ping_status":"closed","template":"","meta":{"_uag_custom_page_level_css":"","site-sidebar-layout":"no-sidebar","site-content-layout":"page-builder","ast-site-content-layout":"default","site-content-style":"default","site-sidebar-style":"default","ast-global-header-display":"","ast-banner-title-visibility":"","ast-main-header-display":"","ast-hfb-above-header-display":"","ast-hfb-below-header-display":"","ast-hfb-mobile-header-display":"","site-post-title":"disabled","ast-breadcrumbs-content":"","ast-featured-img":"disabled","footer-sml-layout":"","ast-disable-related-posts":"","theme-transparent-header-meta":"","adv-header-id-meta":"","stick-header-meta":"","header-above-stick-meta":"","header-main-stick-meta":"","header-below-stick-meta":"","astra-migrate-meta-layouts":"default","ast-page-background-enabled":"default","ast-page-background-meta":{"desktop":{"background-color":"","background-image":"","background-repeat":"repeat","background-position":"center center","background-size":"auto","background-attachment":"scroll","background-type":"","background-media":"","overlay-type":"","overlay-color":"","overlay-opacity":"","overlay-gradient":""},"tablet":{"background-color":"","background-image":"","background-repeat":"repeat","background-position":"center center","background-size":"auto","background-attachment":"scroll","background-type":"","background-media":"","overlay-type":"","overlay-color":"","overlay-opacity":"","overlay-gradient":""},"mobile":{"background-color":"","background-image":"","background-repeat":"repeat","background-position":"center center","background-size":"auto","background-attachment":"scroll","background-type":"","background-media":"","overlay-type":"","overlay-color":"","overlay-opacity":"","overlay-gradient":""}},"ast-content-background-meta":{"desktop":{"background-color":"var(--ast-global-color-5)","background-image":"","background-repeat":"repeat","background-position":"center center","background-size":"auto","background-attachment":"scroll","background-type":"","background-media":"","overlay-type":"","overlay-color":"","overlay-opacity":"","overlay-gradient":""},"tablet":{"background-color":"var(--ast-global-color-5)","background-image":"","background-repeat":"repeat","background-position":"center center","background-size":"auto","background-attachment":"scroll","background-type":"","background-media":"","overlay-type":"","overlay-color":"","overlay-opacity":"","overlay-gradient":""},"mobile":{"background-color":"var(--ast-global-color-5)","background-image":"","background-repeat":"repeat","background-position":"center center","background-size":"auto","background-attachment":"scroll","background-type":"","background-media":"","overlay-type":"","overlay-color":"","overlay-opacity":"","overlay-gradient":""}},"ngg_post_thumbnail":0,"footnotes":""},"class_list":["post-817","page","type-page","status-publish","hentry"],"yoast_head":"<!-- This site is optimized with the Yoast SEO plugin v27.4 - https:\/\/yoast.com\/product\/yoast-seo-wordpress\/ -->\n<title>Simuladores -<\/title>\n<meta name=\"description\" content=\"Nuestros simuladores est\u00e1n desarrollados para la formaci\u00f3n dentro del proceso de aprendizaje de la conducci\u00f3n de las unidades de colectivos.\" \/>\n<meta name=\"robots\" content=\"index, follow, max-snippet:-1, max-image-preview:large, max-video-preview:-1\" \/>\n<link rel=\"canonical\" href=\"https:\/\/accattap.com.ar\/?page_id=817\" \/>\n<meta property=\"og:locale\" content=\"es_ES\" \/>\n<meta property=\"og:type\" content=\"article\" \/>\n<meta property=\"og:title\" content=\"Simuladores -\" \/>\n<meta property=\"og:description\" content=\"Nuestros simuladores est\u00e1n desarrollados para la formaci\u00f3n dentro del proceso de aprendizaje de la conducci\u00f3n de las unidades de colectivos.\" \/>\n<meta property=\"og:url\" content=\"https:\/\/accattap.com.ar\/?page_id=817\" \/>\n<meta property=\"article:modified_time\" content=\"2025-06-19T12:53:54+00:00\" \/>\n<meta property=\"og:image\" content=\"https:\/\/accattap.com.ar\/wp-content\/uploads\/2022\/05\/DSC0120-v2-j-w-2-1024x1024.jpg\" \/>\n<meta name=\"twitter:card\" content=\"summary_large_image\" \/>\n<meta name=\"twitter:label1\" content=\"Tiempo de lectura\" \/>\n\t<meta name=\"twitter:data1\" content=\"2 minutos\" \/>\n<script type=\"application\/ld+json\" class=\"yoast-schema-graph\">{\"@context\":\"https:\\\/\\\/schema.org\",\"@graph\":[{\"@type\":\"WebPage\",\"@id\":\"https:\\\/\\\/accattap.com.ar\\\/?page_id=817\",\"url\":\"https:\\\/\\\/accattap.com.ar\\\/?page_id=817\",\"name\":\"Simuladores -\",\"isPartOf\":{\"@id\":\"https:\\\/\\\/accattap.com.ar\\\/#website\"},\"primaryImageOfPage\":{\"@id\":\"https:\\\/\\\/accattap.com.ar\\\/?page_id=817#primaryimage\"},\"image\":{\"@id\":\"https:\\\/\\\/accattap.com.ar\\\/?page_id=817#primaryimage\"},\"thumbnailUrl\":\"https:\\\/\\\/accattap.com.ar\\\/wp-content\\\/uploads\\\/2025\\\/06\\\/20250613_100047-1024x462.jpg\",\"datePublished\":\"2022-01-21T12:48:04+00:00\",\"dateModified\":\"2025-06-19T12:53:54+00:00\",\"description\":\"Nuestros simuladores est\u00e1n desarrollados para la formaci\u00f3n dentro del proceso de aprendizaje de la conducci\u00f3n de las unidades de colectivos.\",\"breadcrumb\":{\"@id\":\"https:\\\/\\\/accattap.com.ar\\\/?page_id=817#breadcrumb\"},\"inLanguage\":\"es-AR\",\"potentialAction\":[{\"@type\":\"ReadAction\",\"target\":[\"https:\\\/\\\/accattap.com.ar\\\/?page_id=817\"]}]},{\"@type\":\"ImageObject\",\"inLanguage\":\"es-AR\",\"@id\":\"https:\\\/\\\/accattap.com.ar\\\/?page_id=817#primaryimage\",\"url\":\"https:\\\/\\\/accattap.com.ar\\\/wp-content\\\/uploads\\\/2025\\\/06\\\/20250613_100047-scaled.jpg\",\"contentUrl\":\"https:\\\/\\\/accattap.com.ar\\\/wp-content\\\/uploads\\\/2025\\\/06\\\/20250613_100047-scaled.jpg\",\"width\":2560,\"height\":1154},{\"@type\":\"BreadcrumbList\",\"@id\":\"https:\\\/\\\/accattap.com.ar\\\/?page_id=817#breadcrumb\",\"itemListElement\":[{\"@type\":\"ListItem\",\"position\":1,\"name\":\"Inicio\",\"item\":\"https:\\\/\\\/accattap.com.ar\\\/\"},{\"@type\":\"ListItem\",\"position\":2,\"name\":\"Simuladores\"}]},{\"@type\":\"WebSite\",\"@id\":\"https:\\\/\\\/accattap.com.ar\\\/#website\",\"url\":\"https:\\\/\\\/accattap.com.ar\\\/\",\"name\":\"\",\"description\":\"Quienes formamos ACCATTAP creemos en la capacitaci\u00f3n y desarrollo humano de los trabajadores, dado que ello determina el progreso social. Y en definitiva , creer en el progreso social es pensar que ma\u00f1ana sera mejor que hoy, por lo que importa comprometerse y apostar a ese futuro y no solo contribuir a mejorarlo , sino tambi\u00e9n ser art\u00edfices en su construcci\u00f3n.\",\"publisher\":{\"@id\":\"https:\\\/\\\/accattap.com.ar\\\/#organization\"},\"potentialAction\":[{\"@type\":\"SearchAction\",\"target\":{\"@type\":\"EntryPoint\",\"urlTemplate\":\"https:\\\/\\\/accattap.com.ar\\\/?s={search_term_string}\"},\"query-input\":{\"@type\":\"PropertyValueSpecification\",\"valueRequired\":true,\"valueName\":\"search_term_string\"}}],\"inLanguage\":\"es-AR\"},{\"@type\":\"Organization\",\"@id\":\"https:\\\/\\\/accattap.com.ar\\\/#organization\",\"name\":\"ACCATTAP\",\"url\":\"https:\\\/\\\/accattap.com.ar\\\/\",\"logo\":{\"@type\":\"ImageObject\",\"inLanguage\":\"es-AR\",\"@id\":\"https:\\\/\\\/accattap.com.ar\\\/#\\\/schema\\\/logo\\\/image\\\/\",\"url\":\"https:\\\/\\\/i0.wp.com\\\/accattap.com.ar\\\/wp-content\\\/uploads\\\/2021\\\/09\\\/cropped-cropped-logo-solo-2.png?fit=540%2C517&ssl=1\",\"contentUrl\":\"https:\\\/\\\/i0.wp.com\\\/accattap.com.ar\\\/wp-content\\\/uploads\\\/2021\\\/09\\\/cropped-cropped-logo-solo-2.png?fit=540%2C517&ssl=1\",\"width\":540,\"height\":517,\"caption\":\"ACCATTAP\"},\"image\":{\"@id\":\"https:\\\/\\\/accattap.com.ar\\\/#\\\/schema\\\/logo\\\/image\\\/\"}}]}<\/script>\n<!-- \/ Yoast SEO plugin. -->","yoast_head_json":{"title":"Simuladores -","description":"Nuestros simuladores est\u00e1n desarrollados para la formaci\u00f3n dentro del proceso de aprendizaje de la conducci\u00f3n de las unidades de colectivos.","robots":{"index":"index","follow":"follow","max-snippet":"max-snippet:-1","max-image-preview":"max-image-preview:large","max-video-preview":"max-video-preview:-1"},"canonical":"https:\/\/accattap.com.ar\/?page_id=817","og_locale":"es_ES","og_type":"article","og_title":"Simuladores -","og_description":"Nuestros simuladores est\u00e1n desarrollados para la formaci\u00f3n dentro del proceso de aprendizaje de la conducci\u00f3n de las unidades de colectivos.","og_url":"https:\/\/accattap.com.ar\/?page_id=817","article_modified_time":"2025-06-19T12:53:54+00:00","og_image":[{"url":"https:\/\/accattap.com.ar\/wp-content\/uploads\/2022\/05\/DSC0120-v2-j-w-2-1024x1024.jpg","type":"","width":"","height":""}],"twitter_card":"summary_large_image","twitter_misc":{"Tiempo de lectura":"2 minutos"},"schema":{"@context":"https:\/\/schema.org","@graph":[{"@type":"WebPage","@id":"https:\/\/accattap.com.ar\/?page_id=817","url":"https:\/\/accattap.com.ar\/?page_id=817","name":"Simuladores -","isPartOf":{"@id":"https:\/\/accattap.com.ar\/#website"},"primaryImageOfPage":{"@id":"https:\/\/accattap.com.ar\/?page_id=817#primaryimage"},"image":{"@id":"https:\/\/accattap.com.ar\/?page_id=817#primaryimage"},"thumbnailUrl":"https:\/\/accattap.com.ar\/wp-content\/uploads\/2025\/06\/20250613_100047-1024x462.jpg","datePublished":"2022-01-21T12:48:04+00:00","dateModified":"2025-06-19T12:53:54+00:00","description":"Nuestros simuladores est\u00e1n desarrollados para la formaci\u00f3n dentro del proceso de aprendizaje de la conducci\u00f3n de las unidades de colectivos.","breadcrumb":{"@id":"https:\/\/accattap.com.ar\/?page_id=817#breadcrumb"},"inLanguage":"es-AR","potentialAction":[{"@type":"ReadAction","target":["https:\/\/accattap.com.ar\/?page_id=817"]}]},{"@type":"ImageObject","inLanguage":"es-AR","@id":"https:\/\/accattap.com.ar\/?page_id=817#primaryimage","url":"https:\/\/accattap.com.ar\/wp-content\/uploads\/2025\/06\/20250613_100047-scaled.jpg","contentUrl":"https:\/\/accattap.com.ar\/wp-content\/uploads\/2025\/06\/20250613_100047-scaled.jpg","width":2560,"height":1154},{"@type":"BreadcrumbList","@id":"https:\/\/accattap.com.ar\/?page_id=817#breadcrumb","itemListElement":[{"@type":"ListItem","position":1,"name":"Inicio","item":"https:\/\/accattap.com.ar\/"},{"@type":"ListItem","position":2,"name":"Simuladores"}]},{"@type":"WebSite","@id":"https:\/\/accattap.com.ar\/#website","url":"https:\/\/accattap.com.ar\/","name":"","description":"Quienes formamos ACCATTAP creemos en la capacitaci\u00f3n y desarrollo humano de los trabajadores, dado que ello determina el progreso social. Y en definitiva , creer en el progreso social es pensar que ma\u00f1ana sera mejor que hoy, por lo que importa comprometerse y apostar a ese futuro y no solo contribuir a mejorarlo , sino tambi\u00e9n ser art\u00edfices en su construcci\u00f3n.","publisher":{"@id":"https:\/\/accattap.com.ar\/#organization"},"potentialAction":[{"@type":"SearchAction","target":{"@type":"EntryPoint","urlTemplate":"https:\/\/accattap.com.ar\/?s={search_term_string}"},"query-input":{"@type":"PropertyValueSpecification","valueRequired":true,"valueName":"search_term_string"}}],"inLanguage":"es-AR"},{"@type":"Organization","@id":"https:\/\/accattap.com.ar\/#organization","name":"ACCATTAP","url":"https:\/\/accattap.com.ar\/","logo":{"@type":"ImageObject","inLanguage":"es-AR","@id":"https:\/\/accattap.com.ar\/#\/schema\/logo\/image\/","url":"https:\/\/i0.wp.com\/accattap.com.ar\/wp-content\/uploads\/2021\/09\/cropped-cropped-logo-solo-2.png?fit=540%2C517&ssl=1","contentUrl":"https:\/\/i0.wp.com\/accattap.com.ar\/wp-content\/uploads\/2021\/09\/cropped-cropped-logo-solo-2.png?fit=540%2C517&ssl=1","width":540,"height":517,"caption":"ACCATTAP"},"image":{"@id":"https:\/\/accattap.com.ar\/#\/schema\/logo\/image\/"}}]}},"uagb_featured_image_src":{"full":false,"thumbnail":false,"medium":false,"medium_large":false,"large":false,"1536x1536":false,"2048x2048":false,"bm-post-thumb":false,"bm-post-medium":false,"portfolio-full":false,"portfolio-one":false,"portfolio-two":false,"portfolio-three":false,"portfolio-five":false},"uagb_author_info":{"display_name":"admin","author_link":"https:\/\/accattap.com.ar\/?author=1"},"uagb_comment_info":0,"uagb_excerpt":"Nuestros simuladores est\u00e1n desarrollados para la formaci\u00f3n dentro del proceso de aprendizaje de la conducci\u00f3n de las unidades de colectivos. Gracias al simulador, resulta m\u00e1s sencillo medir la capacitaci\u00f3n de un conductor, ya que durante y despu\u00e9s de la sesi\u00f3n, tenemos informaci\u00f3n suficiente que puede ser evaluada para corregir situaciones riesgosas. Se han podido identificar&hellip;","_links":{"self":[{"href":"https:\/\/accattap.com.ar\/index.php?rest_route=\/wp\/v2\/pages\/817","targetHints":{"allow":["GET"]}}],"collection":[{"href":"https:\/\/accattap.com.ar\/index.php?rest_route=\/wp\/v2\/pages"}],"about":[{"href":"https:\/\/accattap.com.ar\/index.php?rest_route=\/wp\/v2\/types\/page"}],"author":[{"embeddable":true,"href":"https:\/\/accattap.com.ar\/index.php?rest_route=\/wp\/v2\/users\/1"}],"replies":[{"embeddable":true,"href":"https:\/\/accattap.com.ar\/index.php?rest_route=%2Fwp%2Fv2%2Fcomments&post=817"}],"version-history":[{"count":69,"href":"https:\/\/accattap.com.ar\/index.php?rest_route=\/wp\/v2\/pages\/817\/revisions"}],"predecessor-version":[{"id":1712,"href":"https:\/\/accattap.com.ar\/index.php?rest_route=\/wp\/v2\/pages\/817\/revisions\/1712"}],"wp:attachment":[{"href":"https:\/\/accattap.com.ar\/index.php?rest_route=%2Fwp%2Fv2%2Fmedia&parent=817"}],"curies":[{"name":"wp","href":"https:\/\/api.w.org\/{rel}","templated":true}]}}